{"id":818,"date":"2023-12-18T21:01:39","date_gmt":"2023-12-18T20:01:39","guid":{"rendered":"https:\/\/www.livealarm.de\/berlin\/?page_id=818"},"modified":"2023-12-18T21:27:10","modified_gmt":"2023-12-18T20:27:10","slug":"alarmanlage","status":"publish","type":"page","link":"https:\/\/www.livealarm.de\/berlin\/alarmanlage\/","title":{"rendered":"Alarmanlage Berlin"},"content":{"rendered":"\t\t<div data-elementor-type=\"wp-page\" data-elementor-id=\"818\" class=\"elementor elementor-818\" data-elementor-post-type=\"page\">\n\t\t\t\t\t\t<section class=\"elementor-section elementor-top-section elementor-element elementor-element-7e621a8 elementor-section-boxed elementor-section-height-default elementor-section-height-default\" data-id=\"7e621a8\" data-element_type=\"section\" data-e-type=\"section\" data-settings=\"{&quot;background_background&quot;:&quot;classic&quot;}\">\n\t\t\t\t\t\t\t<div class=\"elementor-background-overlay\"><\/div>\n\t\t\t\t\t\t\t<div class=\"elementor-container elementor-column-gap-default\">\n\t\t\t\t\t<div class=\"elementor-column elementor-col-50 elementor-top-column elementor-element elementor-element-007fe66\" data-id=\"007fe66\" data-element_type=\"column\" data-e-type=\"column\">\n\t\t\t<div class=\"elementor-widget-wrap elementor-element-populated\">\n\t\t\t\t\t\t<div class=\"elementor-element elementor-element-b22be1c elementor-widget elementor-widget-heading\" data-id=\"b22be1c\" data-element_type=\"widget\" data-e-type=\"widget\" data-widget_type=\"heading.default\">\n\t\t\t\t<div class=\"elementor-widget-container\">\n\t\t\t\t\t<h2 class=\"elementor-heading-title elementor-size-default\">Alarmanlage Berlin<\/h2>\t\t\t\t<\/div>\n\t\t\t\t<\/div>\n\t\t\t\t<div class=\"elementor-element elementor-element-12fd010 elementor-widget elementor-widget-text-editor\" data-id=\"12fd010\" data-element_type=\"widget\" data-e-type=\"widget\" data-widget_type=\"text-editor.default\">\n\t\t\t\t<div class=\"elementor-widget-container\">\n\t\t\t\t\t\t\t\t\t<p>Eine <strong>Alarmanlage<\/strong> sollte eigentlich jeder Haushalt besitzen. Die Chance ist sehr gro\u00df demn\u00e4chst Opfer eines EInbruchs zu werden. Sch\u00fctzen Sie was Ihnen lieb und teuer ist mit einer Alarmanlage.<\/p>\t\t\t\t\t\t\t\t<\/div>\n\t\t\t\t<\/div>\n\t\t\t\t<div class=\"elementor-element elementor-element-f5d663b elementor-widget elementor-widget-text-editor\" data-id=\"f5d663b\" data-element_type=\"widget\" data-e-type=\"widget\" data-widget_type=\"text-editor.default\">\n\t\t\t\t<div class=\"elementor-widget-container\">\n\t\t\t\t\t\t\t\t\t<p>Eine gute, zuverl\u00e4\u00dfige, auf eine Alarmzentrale aufgeschaltete <strong>Alarmanlage in <a href=\"https:\/\/www.livealarm.de\/berlin\/\">Berlin<\/a><\/strong> muss nicht zwangsl\u00e4ufig teuer sein. Vertrauen Sie auf bew\u00e4hrte, zuverl\u00f6\u00dfige Technologie. Vertrauen Sie (wie bereits 1,5 Millionen andere Kunden) auf eine Funk Alarmanlage der Firma AJAX. Wir sind auch in Berlin f\u00fcr Sie da!<\/p>\t\t\t\t\t\t\t\t<\/div>\n\t\t\t\t<\/div>\n\t\t\t\t\t<\/div>\n\t\t<\/div>\n\t\t\t\t<div class=\"elementor-column elementor-col-50 elementor-top-column elementor-element elementor-element-7001f69\" data-id=\"7001f69\" data-element_type=\"column\" data-e-type=\"column\">\n\t\t\t<div class=\"elementor-widget-wrap elementor-element-populated\">\n\t\t\t\t\t\t<div class=\"elementor-element elementor-element-b3206c4 elementor-widget elementor-widget-image\" data-id=\"b3206c4\" data-element_type=\"widget\" data-e-type=\"widget\" data-widget_type=\"image.default\">\n\t\t\t\t<div class=\"elementor-widget-container\">\n\t\t\t\t\t\t\t\t\t\t\t\t\t\t\t<img fetchpriority=\"high\" decoding=\"async\" width=\"1024\" height=\"1024\" src=\"https:\/\/www.livealarm.de\/berlin\/wp-content\/uploads\/sites\/2\/2023\/12\/einbruchmeldeanlagen-kaufen-1024x1024.png\" class=\"attachment-large size-large wp-image-787\" alt=\"\" srcset=\"https:\/\/www.livealarm.de\/berlin\/wp-content\/uploads\/sites\/2\/2023\/12\/einbruchmeldeanlagen-kaufen-1024x1024.png 1024w, https:\/\/www.livealarm.de\/berlin\/wp-content\/uploads\/sites\/2\/2023\/12\/einbruchmeldeanlagen-kaufen-300x300.png 300w, https:\/\/www.livealarm.de\/berlin\/wp-content\/uploads\/sites\/2\/2023\/12\/einbruchmeldeanlagen-kaufen-150x150.png 150w, https:\/\/www.livealarm.de\/berlin\/wp-content\/uploads\/sites\/2\/2023\/12\/einbruchmeldeanlagen-kaufen-768x768.png 768w, https:\/\/www.livealarm.de\/berlin\/wp-content\/uploads\/sites\/2\/2023\/12\/einbruchmeldeanlagen-kaufen-80x80.png 80w, https:\/\/www.livealarm.de\/berlin\/wp-content\/uploads\/sites\/2\/2023\/12\/einbruchmeldeanlagen-kaufen.png 1080w\" sizes=\"(max-width: 1024px) 100vw, 1024px\" \/>\t\t\t\t\t\t\t\t\t\t\t\t\t\t\t<\/div>\n\t\t\t\t<\/div>\n\t\t\t\t\t<\/div>\n\t\t<\/div>\n\t\t\t\t\t<\/div>\n\t\t<\/section>\n\t\t\t\t<section class=\"elementor-section elementor-top-section elementor-element elementor-element-8c65aa4 elementor-section-boxed elementor-section-height-default elementor-section-height-default\" data-id=\"8c65aa4\" data-element_type=\"section\" data-e-type=\"section\" data-settings=\"{&quot;background_background&quot;:&quot;classic&quot;}\">\n\t\t\t\t\t\t\t<div class=\"elementor-background-overlay\"><\/div>\n\t\t\t\t\t\t\t<div class=\"elementor-container elementor-column-gap-default\">\n\t\t\t\t\t<div class=\"elementor-column elementor-col-100 elementor-top-column elementor-element elementor-element-ab4caca\" data-id=\"ab4caca\" data-element_type=\"column\" data-e-type=\"column\">\n\t\t\t<div class=\"elementor-widget-wrap elementor-element-populated\">\n\t\t\t\t\t\t<div class=\"elementor-element elementor-element-04ed00c elementor-widget elementor-widget-heading\" data-id=\"04ed00c\" data-element_type=\"widget\" data-e-type=\"widget\" data-widget_type=\"heading.default\">\n\t\t\t\t<div class=\"elementor-widget-container\">\n\t\t\t\t\t<h2 class=\"elementor-heading-title elementor-size-default\">\ud83d\udd12 Sichern Sie Ihr Zuhause mit Alarmanlagen Berlin \u2013 Ihr Experte f\u00fcr Ajax Funk Alarmanlagen in der Hauptstadt!<\/h2>\t\t\t\t<\/div>\n\t\t\t\t<\/div>\n\t\t\t\t<div class=\"elementor-element elementor-element-0328745 elementor-widget elementor-widget-text-editor\" data-id=\"0328745\" data-element_type=\"widget\" data-e-type=\"widget\" data-widget_type=\"text-editor.default\">\n\t\t\t\t<div class=\"elementor-widget-container\">\n\t\t\t\t\t\t\t\t\t<p>Sch\u00fctzen Sie Ihr Zuhause oder Unternehmen effektiv vor ungebetenen G\u00e4sten mit den hochmodernen Ajax Funk Alarmanlagen von Alarmanlagen Berlin. Als Ihr zuverl\u00e4ssiger Partner in Sachen Sicherheit bieten wir umfassende Beratung, Verkauf, Montage und Wartung von Alarmanlagen in Berlin und dem Berliner Umland. Vertrauen Sie auf unsere Expertise und sichern Sie sich den Rundum-Schutz, den Sie verdienen.<\/p><p><strong>Unsere Leistungen im \u00dcberblick:<\/strong><\/p><p><strong>Beratung<\/strong>: Unsere Spezialisten stehen Ihnen mit fundiertem Fachwissen zur Seite. Gemeinsam erarbeiten wir die optimale Sicherheitsl\u00f6sung f\u00fcr Ihre Bed\u00fcrfnisse.<\/p><p><strong>Verkauf<\/strong>: Entdecken Sie die neuesten Modelle von Ajax Funk Alarmanlagen in unserem breiten Sortiment. Wir bieten innovative Technologie f\u00fcr maximale Sicherheit.<\/p><p><strong>Montage<\/strong>: Verlassen Sie sich auf unser erfahrenes Montageteam, das die Alarmanlagen fachgerecht und effizient in Ihrem Zuhause oder Unternehmen installiert.<\/p><p><strong>Wartung<\/strong>: Damit Ihre Alarmanlage stets einwandfrei funktioniert, bieten wir regelm\u00e4\u00dfige Wartungsdienste an. So bleiben Sie jederzeit gesch\u00fctzt.<\/p>\t\t\t\t\t\t\t\t<\/div>\n\t\t\t\t<\/div>\n\t\t\t\t\t<\/div>\n\t\t<\/div>\n\t\t\t\t\t<\/div>\n\t\t<\/section>\n\t\t\t\t<section class=\"elementor-section elementor-top-section elementor-element elementor-element-baf7222 elementor-section-boxed elementor-section-height-default elementor-section-height-default\" data-id=\"baf7222\" data-element_type=\"section\" data-e-type=\"section\" data-settings=\"{&quot;background_background&quot;:&quot;classic&quot;}\">\n\t\t\t\t\t\t\t<div class=\"elementor-background-overlay\"><\/div>\n\t\t\t\t\t\t\t<div class=\"elementor-container elementor-column-gap-default\">\n\t\t\t\t\t<div class=\"elementor-column elementor-col-100 elementor-top-column elementor-element elementor-element-a4ddd7b\" data-id=\"a4ddd7b\" data-element_type=\"column\" data-e-type=\"column\">\n\t\t\t<div class=\"elementor-widget-wrap elementor-element-populated\">\n\t\t\t\t\t\t<div class=\"elementor-element elementor-element-ff13e6f elementor-widget elementor-widget-heading\" data-id=\"ff13e6f\" data-element_type=\"widget\" data-e-type=\"widget\" data-widget_type=\"heading.default\">\n\t\t\t\t<div class=\"elementor-widget-container\">\n\t\t\t\t\t<h2 class=\"elementor-heading-title elementor-size-default\">Warum Alarmanlagen Berlin?<\/h2>\t\t\t\t<\/div>\n\t\t\t\t<\/div>\n\t\t\t\t<div class=\"elementor-element elementor-element-7ebf2ee elementor-widget elementor-widget-text-editor\" data-id=\"7ebf2ee\" data-element_type=\"widget\" data-e-type=\"widget\" data-widget_type=\"text-editor.default\">\n\t\t\t\t<div class=\"elementor-widget-container\">\n\t\t\t\t\t\t\t\t\t<p>\u2705 Lokale Expertise: Als etabliertes Unternehmen in der Hauptstadt kennen wir die besonderen Anforderungen und Herausforderungen der Region.<\/p><p>\u2705 Top-Qualit\u00e4t: Setzen Sie auf die bew\u00e4hrte Qualit\u00e4t von Ajax Funk Alarmanlagen \u2013 f\u00fcr eine zuverl\u00e4ssige und moderne Sicherheitsl\u00f6sung.<\/p><p>\u2705 Umfassender Service: Von der Beratung \u00fcber den Verkauf bis zur Wartung bieten wir alles aus einer Hand. Verlassen Sie sich auf unseren Rundum-Service.<\/p><p>Ihre Sicherheit ist unser Anliegen \u2013 Alarmanlagen Berlin ist Ihr vertrauensw\u00fcrdiger Partner f\u00fcr Ajax Funk Alarmanlagen in Berlin und den umliegenden St\u00e4dten, darunter:<\/p><p>Potsdam<br \/>Brandenburg an der Havel<br \/>Oranienburg<br \/>Frankfurt (Oder)<br \/>Cottbus<br \/>Neuruppin<br \/>Eberswalde<br \/>Falkensee<br \/>Bernau bei Berlin<br \/>K\u00f6nigs Wusterhausen<\/p><p>Sch\u00fctzen Sie, was Ihnen wichtig ist \u2013 vertrauen Sie auf Alarmanlagen Berlin, Ihren Experten f\u00fcr Sicherheitstechnik. Kontaktieren Sie uns noch heute f\u00fcr eine individuelle Beratung!<\/p>\t\t\t\t\t\t\t\t<\/div>\n\t\t\t\t<\/div>\n\t\t\t\t\t<\/div>\n\t\t<\/div>\n\t\t\t\t\t<\/div>\n\t\t<\/section>\n\t\t\t\t<\/div>\n\t\t","protected":false},"excerpt":{"rendered":"<p>Alarmanlage Berlin Eine Alarmanlage sollte eigentlich jeder Haushalt besitzen. Die Chance ist sehr gro\u00df demn\u00e4chst Opfer eines EInbruchs zu werden. Sch\u00fctzen Sie was Ihnen lieb und teuer ist mit einer Alarmanlage. Eine gute, zuverl\u00e4\u00dfige, auf eine Alarmzentrale aufgeschaltete Alarmanlage in Berlin muss nicht zwangsl\u00e4ufig teuer sein. Vertrauen Sie auf bew\u00e4hrte, zuverl\u00f6\u00dfige Technologie. Vertrauen Sie (wie [&hellip;]<\/p>\n","protected":false},"author":1,"featured_media":0,"parent":0,"menu_order":0,"comment_status":"closed","ping_status":"closed","template":"","meta":{"site-sidebar-layout":"no-sidebar","site-content-layout":"page-builder","ast-site-content-layout":"full-width-container","site-content-style":"default","site-sidebar-style":"default","ast-global-header-display":"","ast-banner-title-visibility":"","ast-main-header-display":"","ast-hfb-above-header-display":"","ast-hfb-below-header-display":"","ast-hfb-mobile-header-display":"","site-post-title":"disabled","ast-breadcrumbs-content":"","ast-featured-img":"disabled","footer-sml-layout":"","ast-disable-related-posts":"","theme-transparent-header-meta":"","adv-header-id-meta":"","stick-header-meta":"","header-above-stick-meta":"","header-main-stick-meta":"","header-below-stick-meta":"","astra-migrate-meta-layouts":"set","ast-page-background-enabled":"default","ast-page-background-meta":{"desktop":{"background-color":"var(--ast-global-color-4)","background-image":"","background-repeat":"repeat","background-position":"center center","background-size":"auto","background-attachment":"scroll","background-type":"","background-media":"","overlay-type":"","overlay-color":"","overlay-opacity":"","overlay-gradient":""},"tablet":{"background-color":"","background-image":"","background-repeat":"repeat","background-position":"center center","background-size":"auto","background-attachment":"scroll","background-type":"","background-media":"","overlay-type":"","overlay-color":"","overlay-opacity":"","overlay-gradient":""},"mobile":{"background-color":"","background-image":"","background-repeat":"repeat","background-position":"center center","background-size":"auto","background-attachment":"scroll","background-type":"","background-media":"","overlay-type":"","overlay-color":"","overlay-opacity":"","overlay-gradient":""}},"ast-content-background-meta":{"desktop":{"background-color":"var(--ast-global-color-5)","background-image":"","background-repeat":"repeat","background-position":"center center","background-size":"auto","background-attachment":"scroll","background-type":"","background-media":"","overlay-type":"","overlay-color":"","overlay-opacity":"","overlay-gradient":""},"tablet":{"background-color":"var(--ast-global-color-5)","background-image":"","background-repeat":"repeat","background-position":"center center","background-size":"auto","background-attachment":"scroll","background-type":"","background-media":"","overlay-type":"","overlay-color":"","overlay-opacity":"","overlay-gradient":""},"mobile":{"background-color":"var(--ast-global-color-5)","background-image":"","background-repeat":"repeat","background-position":"center center","background-size":"auto","background-attachment":"scroll","background-type":"","background-media":"","overlay-type":"","overlay-color":"","overlay-opacity":"","overlay-gradient":""}},"footnotes":""},"class_list":["post-818","page","type-page","status-publish","hentry"],"yoast_head":"<!-- This site is optimized with the Yoast SEO plugin v26.9 - https:\/\/yoast.com\/product\/yoast-seo-wordpress\/ -->\n<title>Alarmanlage \ud83d\udea8\ud83e\udd77\ud83c\udffc\ud83d\udc6e\ud83c\udffb\ud83d\ude93 EN 50131 Grad 2 - Alarmanlagen Berlin<\/title>\n<meta name=\"description\" content=\"Alarmanlage \ud83d\udea8 zertifziert und von der Polizei empfohlen: EN 50131 Grad 2 \ud83e\udd77\ud83c\udffc Einbrecher und Diebe Abwehren \ud83d\udc6e\ud83c\udffb\ud83d\ude93 Alarmanlagen Berlin\" \/>\n<meta name=\"robots\" content=\"index, follow, max-snippet:-1, max-image-preview:large, max-video-preview:-1\" \/>\n<link rel=\"canonical\" href=\"https:\/\/www.livealarm.de\/berlin\/alarmanlage\/\" \/>\n<meta property=\"og:locale\" content=\"de_DE\" \/>\n<meta property=\"og:type\" content=\"article\" \/>\n<meta property=\"og:title\" content=\"Alarmanlage \ud83d\udea8\ud83e\udd77\ud83c\udffc\ud83d\udc6e\ud83c\udffb\ud83d\ude93 EN 50131 Grad 2 - Alarmanlagen Berlin\" \/>\n<meta property=\"og:description\" content=\"Alarmanlage \ud83d\udea8 zertifziert und von der Polizei empfohlen: EN 50131 Grad 2 \ud83e\udd77\ud83c\udffc Einbrecher und Diebe Abwehren \ud83d\udc6e\ud83c\udffb\ud83d\ude93 Alarmanlagen Berlin\" \/>\n<meta property=\"og:url\" content=\"https:\/\/www.livealarm.de\/berlin\/alarmanlage\/\" \/>\n<meta property=\"og:site_name\" content=\"Alarmanlagen Berlin\" \/>\n<meta property=\"article:modified_time\" content=\"2023-12-18T20:27:10+00:00\" \/>\n<meta property=\"og:image\" content=\"https:\/\/www.livealarm.de\/berlin\/wp-content\/uploads\/sites\/2\/2023\/12\/einbruchmeldeanlagen-kaufen-1024x1024.png\" \/>\n<meta name=\"twitter:card\" content=\"summary_large_image\" \/>\n<meta name=\"twitter:label1\" content=\"Gesch\u00e4tzte Lesezeit\" \/>\n\t<meta name=\"twitter:data1\" content=\"3\u00a0Minuten\" \/>\n<script type=\"application\/ld+json\" class=\"yoast-schema-graph\">{\"@context\":\"https:\/\/schema.org\",\"@graph\":[{\"@type\":\"WebPage\",\"@id\":\"https:\/\/www.livealarm.de\/berlin\/alarmanlage\/\",\"url\":\"https:\/\/www.livealarm.de\/berlin\/alarmanlage\/\",\"name\":\"Alarmanlage \ud83d\udea8\ud83e\udd77\ud83c\udffc\ud83d\udc6e\ud83c\udffb\ud83d\ude93 EN 50131 Grad 2 - Alarmanlagen Berlin\",\"isPartOf\":{\"@id\":\"https:\/\/www.livealarm.de\/berlin\/#website\"},\"primaryImageOfPage\":{\"@id\":\"https:\/\/www.livealarm.de\/berlin\/alarmanlage\/#primaryimage\"},\"image\":{\"@id\":\"https:\/\/www.livealarm.de\/berlin\/alarmanlage\/#primaryimage\"},\"thumbnailUrl\":\"https:\/\/www.livealarm.de\/berlin\/wp-content\/uploads\/sites\/2\/2023\/12\/einbruchmeldeanlagen-kaufen-1024x1024.png\",\"datePublished\":\"2023-12-18T20:01:39+00:00\",\"dateModified\":\"2023-12-18T20:27:10+00:00\",\"description\":\"Alarmanlage \ud83d\udea8 zertifziert und von der Polizei empfohlen: EN 50131 Grad 2 \ud83e\udd77\ud83c\udffc Einbrecher und Diebe Abwehren \ud83d\udc6e\ud83c\udffb\ud83d\ude93 Alarmanlagen Berlin\",\"breadcrumb\":{\"@id\":\"https:\/\/www.livealarm.de\/berlin\/alarmanlage\/#breadcrumb\"},\"inLanguage\":\"de\",\"potentialAction\":[{\"@type\":\"ReadAction\",\"target\":[\"https:\/\/www.livealarm.de\/berlin\/alarmanlage\/\"]}]},{\"@type\":\"ImageObject\",\"inLanguage\":\"de\",\"@id\":\"https:\/\/www.livealarm.de\/berlin\/alarmanlage\/#primaryimage\",\"url\":\"https:\/\/www.livealarm.de\/berlin\/wp-content\/uploads\/sites\/2\/2023\/12\/einbruchmeldeanlagen-kaufen.png\",\"contentUrl\":\"https:\/\/www.livealarm.de\/berlin\/wp-content\/uploads\/sites\/2\/2023\/12\/einbruchmeldeanlagen-kaufen.png\",\"width\":1080,\"height\":1080},{\"@type\":\"BreadcrumbList\",\"@id\":\"https:\/\/www.livealarm.de\/berlin\/alarmanlage\/#breadcrumb\",\"itemListElement\":[{\"@type\":\"ListItem\",\"position\":1,\"name\":\"Startseite\",\"item\":\"https:\/\/www.livealarm.de\/berlin\/\"},{\"@type\":\"ListItem\",\"position\":2,\"name\":\"Alarmanlage Berlin\"}]},{\"@type\":\"WebSite\",\"@id\":\"https:\/\/www.livealarm.de\/berlin\/#website\",\"url\":\"https:\/\/www.livealarm.de\/berlin\/\",\"name\":\"Alarmanlagen Berlin\",\"description\":\"\",\"publisher\":{\"@id\":\"https:\/\/www.livealarm.de\/berlin\/#organization\"},\"potentialAction\":[{\"@type\":\"SearchAction\",\"target\":{\"@type\":\"EntryPoint\",\"urlTemplate\":\"https:\/\/www.livealarm.de\/berlin\/?s={search_term_string}\"},\"query-input\":{\"@type\":\"PropertyValueSpecification\",\"valueRequired\":true,\"valueName\":\"search_term_string\"}}],\"inLanguage\":\"de\"},{\"@type\":\"Organization\",\"@id\":\"https:\/\/www.livealarm.de\/berlin\/#organization\",\"name\":\"LIVE!Alarm\",\"url\":\"https:\/\/www.livealarm.de\/berlin\/\",\"logo\":{\"@type\":\"ImageObject\",\"inLanguage\":\"de\",\"@id\":\"https:\/\/www.livealarm.de\/berlin\/#\/schema\/logo\/image\/\",\"url\":\"https:\/\/www.livealarm.de\/berlin\/wp-content\/uploads\/sites\/2\/2024\/02\/sicherheitskonzept-alarmanlage.png\",\"contentUrl\":\"https:\/\/www.livealarm.de\/berlin\/wp-content\/uploads\/sites\/2\/2024\/02\/sicherheitskonzept-alarmanlage.png\",\"width\":1080,\"height\":1080,\"caption\":\"LIVE!Alarm\"},\"image\":{\"@id\":\"https:\/\/www.livealarm.de\/berlin\/#\/schema\/logo\/image\/\"}}]}<\/script>\n<!-- \/ Yoast SEO plugin. -->","yoast_head_json":{"title":"Alarmanlage \ud83d\udea8\ud83e\udd77\ud83c\udffc\ud83d\udc6e\ud83c\udffb\ud83d\ude93 EN 50131 Grad 2 - Alarmanlagen Berlin","description":"Alarmanlage \ud83d\udea8 zertifziert und von der Polizei empfohlen: EN 50131 Grad 2 \ud83e\udd77\ud83c\udffc Einbrecher und Diebe Abwehren \ud83d\udc6e\ud83c\udffb\ud83d\ude93 Alarmanlagen Berlin","robots":{"index":"index","follow":"follow","max-snippet":"max-snippet:-1","max-image-preview":"max-image-preview:large","max-video-preview":"max-video-preview:-1"},"canonical":"https:\/\/www.livealarm.de\/berlin\/alarmanlage\/","og_locale":"de_DE","og_type":"article","og_title":"Alarmanlage \ud83d\udea8\ud83e\udd77\ud83c\udffc\ud83d\udc6e\ud83c\udffb\ud83d\ude93 EN 50131 Grad 2 - Alarmanlagen Berlin","og_description":"Alarmanlage \ud83d\udea8 zertifziert und von der Polizei empfohlen: EN 50131 Grad 2 \ud83e\udd77\ud83c\udffc Einbrecher und Diebe Abwehren \ud83d\udc6e\ud83c\udffb\ud83d\ude93 Alarmanlagen Berlin","og_url":"https:\/\/www.livealarm.de\/berlin\/alarmanlage\/","og_site_name":"Alarmanlagen Berlin","article_modified_time":"2023-12-18T20:27:10+00:00","og_image":[{"url":"https:\/\/www.livealarm.de\/berlin\/wp-content\/uploads\/sites\/2\/2023\/12\/einbruchmeldeanlagen-kaufen-1024x1024.png","type":"","width":"","height":""}],"twitter_card":"summary_large_image","twitter_misc":{"Gesch\u00e4tzte Lesezeit":"3\u00a0Minuten"},"schema":{"@context":"https:\/\/schema.org","@graph":[{"@type":"WebPage","@id":"https:\/\/www.livealarm.de\/berlin\/alarmanlage\/","url":"https:\/\/www.livealarm.de\/berlin\/alarmanlage\/","name":"Alarmanlage \ud83d\udea8\ud83e\udd77\ud83c\udffc\ud83d\udc6e\ud83c\udffb\ud83d\ude93 EN 50131 Grad 2 - Alarmanlagen Berlin","isPartOf":{"@id":"https:\/\/www.livealarm.de\/berlin\/#website"},"primaryImageOfPage":{"@id":"https:\/\/www.livealarm.de\/berlin\/alarmanlage\/#primaryimage"},"image":{"@id":"https:\/\/www.livealarm.de\/berlin\/alarmanlage\/#primaryimage"},"thumbnailUrl":"https:\/\/www.livealarm.de\/berlin\/wp-content\/uploads\/sites\/2\/2023\/12\/einbruchmeldeanlagen-kaufen-1024x1024.png","datePublished":"2023-12-18T20:01:39+00:00","dateModified":"2023-12-18T20:27:10+00:00","description":"Alarmanlage \ud83d\udea8 zertifziert und von der Polizei empfohlen: EN 50131 Grad 2 \ud83e\udd77\ud83c\udffc Einbrecher und Diebe Abwehren \ud83d\udc6e\ud83c\udffb\ud83d\ude93 Alarmanlagen Berlin","breadcrumb":{"@id":"https:\/\/www.livealarm.de\/berlin\/alarmanlage\/#breadcrumb"},"inLanguage":"de","potentialAction":[{"@type":"ReadAction","target":["https:\/\/www.livealarm.de\/berlin\/alarmanlage\/"]}]},{"@type":"ImageObject","inLanguage":"de","@id":"https:\/\/www.livealarm.de\/berlin\/alarmanlage\/#primaryimage","url":"https:\/\/www.livealarm.de\/berlin\/wp-content\/uploads\/sites\/2\/2023\/12\/einbruchmeldeanlagen-kaufen.png","contentUrl":"https:\/\/www.livealarm.de\/berlin\/wp-content\/uploads\/sites\/2\/2023\/12\/einbruchmeldeanlagen-kaufen.png","width":1080,"height":1080},{"@type":"BreadcrumbList","@id":"https:\/\/www.livealarm.de\/berlin\/alarmanlage\/#breadcrumb","itemListElement":[{"@type":"ListItem","position":1,"name":"Startseite","item":"https:\/\/www.livealarm.de\/berlin\/"},{"@type":"ListItem","position":2,"name":"Alarmanlage Berlin"}]},{"@type":"WebSite","@id":"https:\/\/www.livealarm.de\/berlin\/#website","url":"https:\/\/www.livealarm.de\/berlin\/","name":"Alarmanlagen Berlin","description":"","publisher":{"@id":"https:\/\/www.livealarm.de\/berlin\/#organization"},"potentialAction":[{"@type":"SearchAction","target":{"@type":"EntryPoint","urlTemplate":"https:\/\/www.livealarm.de\/berlin\/?s={search_term_string}"},"query-input":{"@type":"PropertyValueSpecification","valueRequired":true,"valueName":"search_term_string"}}],"inLanguage":"de"},{"@type":"Organization","@id":"https:\/\/www.livealarm.de\/berlin\/#organization","name":"LIVE!Alarm","url":"https:\/\/www.livealarm.de\/berlin\/","logo":{"@type":"ImageObject","inLanguage":"de","@id":"https:\/\/www.livealarm.de\/berlin\/#\/schema\/logo\/image\/","url":"https:\/\/www.livealarm.de\/berlin\/wp-content\/uploads\/sites\/2\/2024\/02\/sicherheitskonzept-alarmanlage.png","contentUrl":"https:\/\/www.livealarm.de\/berlin\/wp-content\/uploads\/sites\/2\/2024\/02\/sicherheitskonzept-alarmanlage.png","width":1080,"height":1080,"caption":"LIVE!Alarm"},"image":{"@id":"https:\/\/www.livealarm.de\/berlin\/#\/schema\/logo\/image\/"}}]}},"_links":{"self":[{"href":"https:\/\/www.livealarm.de\/berlin\/wp-json\/wp\/v2\/pages\/818","targetHints":{"allow":["GET"]}}],"collection":[{"href":"https:\/\/www.livealarm.de\/berlin\/wp-json\/wp\/v2\/pages"}],"about":[{"href":"https:\/\/www.livealarm.de\/berlin\/wp-json\/wp\/v2\/types\/page"}],"author":[{"embeddable":true,"href":"https:\/\/www.livealarm.de\/berlin\/wp-json\/wp\/v2\/users\/1"}],"replies":[{"embeddable":true,"href":"https:\/\/www.livealarm.de\/berlin\/wp-json\/wp\/v2\/comments?post=818"}],"version-history":[{"count":0,"href":"https:\/\/www.livealarm.de\/berlin\/wp-json\/wp\/v2\/pages\/818\/revisions"}],"wp:attachment":[{"href":"https:\/\/www.livealarm.de\/berlin\/wp-json\/wp\/v2\/media?parent=818"}],"curies":[{"name":"wp","href":"https:\/\/api.w.org\/{rel}","templated":true}]}}